{"id":20,"date":"2016-09-16T11:07:44","date_gmt":"2016-09-16T09:07:44","guid":{"rendered":"http:\/\/localhost\/julien\/?page_id=20"},"modified":"2023-01-03T14:27:54","modified_gmt":"2023-01-03T13:27:54","slug":"acceuil","status":"publish","type":"page","link":"https:\/\/julienfaut.fr\/","title":{"rendered":"Acceuil"},"content":{"rendered":"<div id=\"pl-20\"  class=\"panel-layout\" ><div id=\"pg-20-0\"  class=\"panel-grid panel-has-style\" ><div class=\"siteorigin-panels-stretch panel-row-style panel-row-style-for-20-0\" style=\"padding: 25px 0; \" data-stretch-type=\"full\" data-overlay=\"true\" ><div id=\"pgc-20-0-0\"  class=\"panel-grid-cell\" ><div id=\"panel-20-0-0-0\" class=\"so-panel widget widget_siteorigin-panels-builder panel-first-child panel-last-child\" data-index=\"0\" ><div style=\"text-align: left;\" data-title-color=\"#443f3f\" data-headings-color=\"#443f3f\" class=\"panel-widget-style panel-widget-style-for-20-0-0-0\" ><div id=\"pl-w63b42d5a16f2f\"  class=\"panel-layout\" ><div id=\"pg-w63b42d5a16f2f-0\"  class=\"panel-grid panel-has-style\" ><div style=\"padding: 100px 0; \" data-overlay=\"true\" data-overlay-color=\"#000000\" class=\"panel-row-style panel-row-style-for-w63b42d5a16f2f-0\" ><div id=\"pgc-w63b42d5a16f2f-0-0\"  class=\"panel-grid-cell\" ><div id=\"panel-w63b42d5a16f2f-0-0-0\" class=\"so-panel widget widget_sow-editor panel-first-child\" data-index=\"0\" ><div style=\"text-align: left;\" data-title-color=\"#443f3f\" data-headings-color=\"#443f3f\" class=\"panel-widget-style panel-widget-style-for-w63b42d5a16f2f-0-0-0\" ><div\n\t\t\t\n\t\t\tclass=\"so-widget-sow-editor so-widget-sow-editor-base\"\n\t\t\t\n\t\t>\n<div class=\"siteorigin-widget-tinymce textwidget\">\n\t<hr \/>\n<h3 style=\"text-align: center;\"><span style=\"color: #ffffff;\">Technicien informatique chez Arkane Studios<\/span><\/h3>\n<hr \/>\n<\/div>\n<\/div><\/div><\/div><div id=\"panel-w63b42d5a16f2f-0-0-1\" class=\"so-panel widget widget_sow-features panel-last-child\" data-index=\"1\" ><div style=\"text-align: left;\" data-title-color=\"#443f3f\" data-headings-color=\"#443f3f\" class=\"panel-widget-style panel-widget-style-for-w63b42d5a16f2f-0-0-1\" ><div\n\t\t\t\n\t\t\tclass=\"so-widget-sow-features so-widget-sow-features-default-0b30474fa006\"\n\t\t\t\n\t\t>\n<div class=\"sow-features-list sow-features-responsive\">\n\n\t\t\t\t\t\t\t\t\t<div\n\t\t\t\tclass=\"sow-features-feature sow-icon-container-position-top sow-features-feature-last-row\"\n\t\t\t\tstyle=\"display: flex; flex-direction: column; float: left; width: 33.333%;\"\n\t\t\t>\n\t\t\t\n\t\t\t\t\t\t\t\t<div\n\t\t\t\t\tclass=\"sow-icon-container sow-container-rounded-square\"\n\t\t\t\t\tstyle=\"color: #1e73be; \"\n\t\t\t\t\t>\n\t\t\t\t\t<span class=\"sow-icon-fontawesome sow-fas\" data-sow-icon=\"&#xf1b9;\"\n\t\tstyle=\"font-size: 50px; color: #FFFFFF\" \n\t\taria-hidden=\"true\"><\/span>\t\t\t\t<\/div>\n\t\t\t\t\n\t\t\t\t<div class=\"textwidget\">\n\t\t\t\t\t\n\t\t\t\t\t\t\t\t\t\t\t<h5>\n\t\t\t\t\t\t\t\n\t\t\t\t\t\t\tPermis et vehicule\t\t\t\t\t\t\t\t\t\t\t\t\t<\/h5>\n\t\t\t\t\t\n\t\t\t\t\t\n\t\t\t\t\t\t\t\t\t<\/div>\n\t\t\t\t\t\t\t\t\n\t\t\t\t\t\t\t<\/div>\n\n\t\t\t\n<\/div>\n<\/div><\/div><\/div><\/div><\/div><\/div><div id=\"pg-w63b42d5a16f2f-1\"  class=\"panel-grid panel-has-style\" ><div style=\"padding: 100px 0; \" data-overlay=\"true\" class=\"panel-row-style panel-row-style-for-w63b42d5a16f2f-1\" ><div id=\"pgc-w63b42d5a16f2f-1-0\"  class=\"panel-grid-cell\" ><div id=\"panel-w63b42d5a16f2f-1-0-0\" class=\"so-panel widget widget_sow-image panel-first-child panel-last-child\" data-index=\"2\" ><div\n\t\t\t\n\t\t\tclass=\"so-widget-sow-image so-widget-sow-image-default-17bc2272b535\"\n\t\t\t\n\t\t>\n\n<div class=\"sow-image-container\">\n\t\t<img src=\"https:\/\/julienfaut.fr\/wp-content\/uploads\/2016\/09\/Capture2.png\" width=\"391\" height=\"687\" srcset=\"https:\/\/julienfaut.fr\/wp-content\/uploads\/2016\/09\/Capture2.png 391w, https:\/\/julienfaut.fr\/wp-content\/uploads\/2016\/09\/Capture2-171x300.png 171w, https:\/\/julienfaut.fr\/wp-content\/uploads\/2016\/09\/Capture2-230x404.png 230w, https:\/\/julienfaut.fr\/wp-content\/uploads\/2016\/09\/Capture2-350x615.png 350w\" sizes=\"(max-width: 391px) 100vw, 391px\" alt=\"\" loading=\"lazy\" \t\tclass=\"so-widget-image\"\/>\n\t<\/div>\n\n<\/div><\/div><\/div><div id=\"pgc-w63b42d5a16f2f-1-1\"  class=\"panel-grid-cell\" ><div id=\"panel-w63b42d5a16f2f-1-1-0\" class=\"so-panel widget widget_sow-editor panel-first-child\" data-index=\"3\" ><div\n\t\t\t\n\t\t\tclass=\"so-widget-sow-editor so-widget-sow-editor-base\"\n\t\t\t\n\t\t>\n<div class=\"siteorigin-widget-tinymce textwidget\">\n\t<hr \/>\n<h3 style=\"text-align: center;\"><span style=\"color: #ffffff;\">Passionn\u00e9 d'informatique e<\/span><span style=\"color: #ffffff;\">t des nouvelles technologies\u00a0<\/span><\/h3>\n<h3 style=\"text-align: center;\"><\/h3>\n<hr \/>\n<\/div>\n<\/div><\/div><div id=\"panel-w63b42d5a16f2f-1-1-1\" class=\"so-panel widget widget_sydney_skills sydney_skills_widget\" data-index=\"4\" ><div class=\"panel-widget-style panel-widget-style-for-w63b42d5a16f2f-1-1-1\" >\r\n\t\t\r\n\t\t\t\t<div class=\"roll-progress\">\r\n \t\t\t<div class=\"name\">Polyvalence<\/div>\r\n\t\t\t<div class=\"perc\">100%<\/div>\r\n            <div class=\"progress-bar\" data-percent=\"100\" data-waypoint-active=\"yes\">\r\n\t\t\t\t<div class=\"progress-animate\"><\/div>\r\n\t\t\t<\/div>\r\n\t\t<\/div>\r\n\t\t   \r\n\t\t\t\t<div class=\"roll-progress\">\r\n \t\t\t<div class=\"name\">Adaptation<\/div>\r\n\t\t\t<div class=\"perc\">100%<\/div>\r\n            <div class=\"progress-bar\" data-percent=\"100\" data-waypoint-active=\"yes\">\r\n\t\t\t\t<div class=\"progress-animate\"><\/div>\r\n\t\t\t<\/div>\r\n\t\t<\/div>\r\n\t\t \r\n\t\t\t\t<div class=\"roll-progress\">\r\n \t\t\t<div class=\"name\">curiosit\u00e9<\/div>\r\n\t\t\t<div class=\"perc\">100%<\/div>\r\n            <div class=\"progress-bar\" data-percent=\"100\" data-waypoint-active=\"yes\">\r\n\t\t\t\t<div class=\"progress-animate\"><\/div>\r\n\t\t\t<\/div>\r\n\t\t<\/div>\r\n\t\t \r\n\t\t \r\n\r\n\t<\/div><\/div><div id=\"panel-w63b42d5a16f2f-1-1-2\" class=\"so-panel widget widget_sow-editor panel-last-child\" data-index=\"5\" ><div style=\"text-align: left;\" data-title-color=\"#443f3f\" data-headings-color=\"#443f3f\" class=\"panel-widget-style panel-widget-style-for-w63b42d5a16f2f-1-1-2\" ><div\n\t\t\t\n\t\t\tclass=\"so-widget-sow-editor so-widget-sow-editor-base\"\n\t\t\t\n\t\t>\n<div class=\"siteorigin-widget-tinymce textwidget\">\n\t<h3 style=\"text-align: center;\"><span style=\"text-decoration: underline; color: #ffffff;\">Mon CV:<\/span><\/h3>\n\n<!-- G\u00e9n\u00e9ration r\u00e9alis\u00e9e avec Document Gallery. Obtenez votre version ici :http:\/\/wordpress.org\/extend\/plugins\/document-gallery -->\n<div id=\"document-gallery-1\" class=\"document-gallery\" data-shortcode='{\"id\":20,\"include\":\"464\",\"exclude\":\"\",\"columns\":1,\"fancy\":true,\"order\":\"ASC\",\"orderby\":\"post__in\",\"relation\":\"AND\",\"limit\":-1,\"mime_types\":\"application,video,text,audio,image\",\"new_window\":true,\"paginate\":true,\"post_status\":\"any\",\"post_type\":\"attachment\",\"attachment_pg\":false,\"descriptions\":false,\"skip\":0}' data-icon-width='99'>\n<div class='document-icon-row'>\n   <div class=\"document-icon\">\n      <a href=\"https:\/\/julienfaut.fr\/wp-content\/uploads\/2020\/02\/CV-3.5.pdf\" target=\"_blank\">\n         <img src=\"https:\/\/julienfaut.fr\/wp-content\/plugins\/document-gallery\/assets\/icons\/pdf.png\" title=\"CV-3.5\" alt=\"CV-3.5\" data-ext=\"pdf\"\/>\n         <span class=\"title\">CV-3.5<\/span>\n      <\/a>\n   <\/div>\n\n<\/div>\n<\/div>\n<\/div>\n<\/div><\/div><\/div><\/div><\/div><\/div><div id=\"pg-w63b42d5a16f2f-2\"  class=\"panel-grid panel-has-style\" ><div style=\"padding: 100px 0; \" data-overlay=\"true\" class=\"panel-row-style panel-row-style-for-w63b42d5a16f2f-2\" ><div id=\"pgc-w63b42d5a16f2f-2-0\"  class=\"panel-grid-cell panel-grid-cell-empty\" ><\/div><\/div><\/div><\/div><\/div><\/div><\/div><\/div><\/div><div id=\"pg-20-1\"  class=\"panel-grid panel-has-style\" ><div class=\"siteorigin-panels-stretch panel-row-style panel-row-style-for-20-1\" style=\"padding: 75px 0; \" data-stretch-type=\"full\" data-overlay=\"true\" ><div id=\"pgc-20-1-0\"  class=\"panel-grid-cell\" ><div id=\"panel-20-1-0-0\" class=\"so-panel widget widget_sow-social-media-buttons panel-first-child panel-last-child\" data-index=\"1\" ><div\n\t\t\t\n\t\t\tclass=\"so-widget-sow-social-media-buttons so-widget-sow-social-media-buttons-flat-acff88c44743-20\"\n\t\t\t\n\t\t>\n\n<div class=\"social-media-button-container\">\n\t\n\t\t<a class=\"ow-button-hover sow-social-media-button-envelope-0 sow-social-media-button\" title=\"Julien Faut sur Envelope\" aria-label=\"Julien Faut sur Envelope\" target=\"_blank\" rel=\"noopener noreferrer\" href=\"mailto:julienfaut.59122@hotmail.fr\" >\n\t\t\t<span>\n\t\t\t\t\t\t\t\t<span class=\"sow-icon-fontawesome sow-fas\" data-sow-icon=\"&#xf0e0;\"\n\t\t \n\t\taria-hidden=\"true\"><\/span>\t\t\t\t\t\t\t<\/span>\n\t\t<\/a>\n\t<\/div>\n<\/div><\/div><\/div><\/div><\/div><\/div>","protected":false},"excerpt":{"rendered":"<p>Technicien informatique chez Arkane Studios Permis et vehicule Passionn\u00e9 d&rsquo;informatique et des nouvelles technologies\u00a0 Polyvalence 100% Adaptation 100% curiosit\u00e9 100% Mon CV: [&hellip;]<\/p>\n","protected":false},"author":1,"featured_media":0,"parent":0,"menu_order":0,"comment_status":"closed","ping_status":"closed","template":"page-templates\/page_front-page.php","meta":[],"_links":{"self":[{"href":"https:\/\/julienfaut.fr\/index.php?rest_route=\/wp\/v2\/pages\/20"}],"collection":[{"href":"https:\/\/julienfaut.fr\/index.php?rest_route=\/wp\/v2\/pages"}],"about":[{"href":"https:\/\/julienfaut.fr\/index.php?rest_route=\/wp\/v2\/types\/page"}],"author":[{"embeddable":true,"href":"https:\/\/julienfaut.fr\/index.php?rest_route=\/wp\/v2\/users\/1"}],"replies":[{"embeddable":true,"href":"https:\/\/julienfaut.fr\/index.php?rest_route=%2Fwp%2Fv2%2Fcomments&post=20"}],"version-history":[{"count":84,"href":"https:\/\/julienfaut.fr\/index.php?rest_route=\/wp\/v2\/pages\/20\/revisions"}],"predecessor-version":[{"id":505,"href":"https:\/\/julienfaut.fr\/index.php?rest_route=\/wp\/v2\/pages\/20\/revisions\/505"}],"wp:attachment":[{"href":"https:\/\/julienfaut.fr\/index.php?rest_route=%2Fwp%2Fv2%2Fmedia&parent=20"}],"curies":[{"name":"wp","href":"https:\/\/api.w.org\/{rel}","templated":true}]}}