{"id":13,"date":"2016-09-16T10:55:49","date_gmt":"2016-09-16T08:55:49","guid":{"rendered":"http:\/\/localhost\/julien\/?page_id=13"},"modified":"2016-09-16T10:55:49","modified_gmt":"2016-09-16T08:55:49","slug":"diplome-formation","status":"publish","type":"page","link":"https:\/\/julienfaut.fr\/?page_id=13","title":{"rendered":""},"content":{"rendered":"<div id=\"pl-13\"  class=\"panel-layout\" ><div id=\"pg-13-0\"  class=\"panel-grid panel-has-style\" ><div class=\"siteorigin-panels-stretch panel-row-style panel-row-style-for-13-0\" style=\"color: #ffffff;padding: 25px 0; \" data-stretch-type=\"full\" data-hascolor=\"hascolor\" data-overlay=\"true\" ><div id=\"pgc-13-0-0\"  class=\"panel-grid-cell\" ><div id=\"panel-13-0-0-0\" class=\"so-panel widget widget_sow-editor panel-first-child\" data-index=\"0\" ><div\n\t\t\t\n\t\t\tclass=\"so-widget-sow-editor so-widget-sow-editor-base\"\n\t\t\t\n\t\t>\n<div class=\"siteorigin-widget-tinymce textwidget\">\n\t<hr \/>\n<h1 style=\"text-align: center;\">2014-2016<\/h1>\n<hr \/>\n<p>\u00a0<\/p>\n<\/div>\n<\/div><\/div><div id=\"panel-13-0-0-1\" class=\"so-panel widget widget_siteorigin-panels-builder\" data-index=\"1\" ><div class=\"panel-widget-style panel-widget-style-for-13-0-0-1\" ><div id=\"pl-w57ee519a38c28\"  class=\"panel-layout\" ><div id=\"pg-w57ee519a38c28-0\"  class=\"panel-grid panel-has-style\" ><div style=\"padding: 100px 0; \" data-overlay=\"true\" class=\"panel-row-style panel-row-style-for-w57ee519a38c28-0\" ><div id=\"pgc-w57ee519a38c28-0-0\"  class=\"panel-grid-cell\" ><div id=\"panel-w57ee519a38c28-0-0-0\" class=\"so-panel widget widget_sow-image panel-first-child panel-last-child\" data-index=\"0\" ><div\n\t\t\t\n\t\t\tclass=\"so-widget-sow-image so-widget-sow-image-default-d6014b76747a\"\n\t\t\t\n\t\t>\n\n<div class=\"sow-image-container\">\n\t\t<img src=\"https:\/\/julienfaut.fr\/wp-content\/uploads\/2016\/09\/siteon0-cf969-1.png\" width=\"250\" height=\"250\" srcset=\"https:\/\/julienfaut.fr\/wp-content\/uploads\/2016\/09\/siteon0-cf969-1.png 250w, https:\/\/julienfaut.fr\/wp-content\/uploads\/2016\/09\/siteon0-cf969-1-150x150.png 150w, https:\/\/julienfaut.fr\/wp-content\/uploads\/2016\/09\/siteon0-cf969-1-230x230.png 230w\" sizes=\"(max-width: 250px) 100vw, 250px\" title=\"siteon0-cf969\" alt=\"\" loading=\"lazy\" \t\tclass=\"so-widget-image\"\/>\n\t<\/div>\n\n<\/div><\/div><\/div><div id=\"pgc-w57ee519a38c28-0-1\"  class=\"panel-grid-cell\" ><div id=\"panel-w57ee519a38c28-0-1-0\" class=\"so-panel widget widget_sow-editor panel-first-child\" data-index=\"1\" ><div\n\t\t\t\n\t\t\tclass=\"so-widget-sow-editor so-widget-sow-editor-base\"\n\t\t\t\n\t\t>\n<div class=\"siteorigin-widget-tinymce textwidget\">\n\t<h4>BTS Services Informatiques aux Organisations Option solutions d'infrastructure,syst\u00e8mes et r\u00e9seaux Lyc\u00e9e Jean Bart Dunkerque<\/h4>\n<p>\u00a0<\/p>\n<\/div>\n<\/div><\/div><div id=\"panel-w57ee519a38c28-0-1-1\" class=\"so-panel widget widget_sow-button panel-last-child\" data-index=\"2\" ><div\n\t\t\t\n\t\t\tclass=\"so-widget-sow-button so-widget-sow-button-atom-eaa51a902caf\"\n\t\t\t\n\t\t><div class=\"ow-button-base ow-button-align-center\">\n\t<a href=\"http:\/\/www.lyceejeanbart.fr\/spip.php?article34\" class=\"ow-icon-placement-left ow-button-hover\" target=\"_blank\" rel=\"noopener noreferrer\" \t\t>\n\t\t<span>\n\t\t\t\n\t\t\tCliquer ici pour acc\u00e9der au site\t\t<\/span>\n\t<\/a>\n<\/div>\n<\/div><\/div><\/div><\/div><\/div><div id=\"pg-w57ee519a38c28-1\"  class=\"panel-grid panel-has-style\" ><div style=\"padding: 100px 0; \" data-overlay=\"true\" class=\"panel-row-style panel-row-style-for-w57ee519a38c28-1\" ><div id=\"pgc-w57ee519a38c28-1-0\"  class=\"panel-grid-cell\" ><div id=\"panel-w57ee519a38c28-1-0-0\" class=\"so-panel widget widget_sow-editor panel-first-child panel-last-child\" data-index=\"3\" ><div\n\t\t\t\n\t\t\tclass=\"so-widget-sow-editor so-widget-sow-editor-base\"\n\t\t\t\n\t\t>\n<div class=\"siteorigin-widget-tinymce textwidget\">\n\t<hr \/>\n<h4><strong><span class=\"original translation\" data-field-name=\"Course.Name\">Les Mati\u00e8res<\/span><\/strong><\/h4>\n<ul class=\"courses-list\">\n<li class=\"course\"><span class=\"original translation\" data-field-name=\"Course.Name\">\u00c9conomie (1\u00e8re et 2\u00e8me ann\u00e9es)<\/span><\/li>\n<li class=\"course\"><span class=\"original translation\" data-field-name=\"Course.Name\">Droit (1\u00e8re et 2\u00e8me ann\u00e9es)<\/span><\/li>\n<li class=\"course\"><span class=\"original translation\" data-field-name=\"Course.Name\">Management (1\u00e8re et 2\u00e8me ann\u00e9es)<\/span><\/li>\n<li class=\"course\"><span class=\"original translation\" data-field-name=\"Course.Name\">SISR1 \u00a0Maintenance des acc\u00e8s utilisateurs(1\u00e8re ann\u00e9e)<\/span><\/li>\n<li class=\"course\"><span class=\"original translation\" data-field-name=\"Course.Name\">SISR2 Conception des infrastructres r\u00e9seaux (1\u00e8re ann\u00e9e)<\/span><\/li>\n<li class=\"course\"><span class=\"original translation\" data-field-name=\"Course.Name\">SISR3 Exploitation des services (1\u00e8re et 2\u00e8me ann\u00e9es)<\/span><\/li>\n<li class=\"course\"><span class=\"original translation\" data-field-name=\"Course.Name\">SISR4 administration des syst\u00e8mes(2\u00e8me ann\u00e9e)<\/span><\/li>\n<li class=\"course\"><span class=\"original translation\" data-field-name=\"Course.Name\">SISR5Supervisions des r\u00e9seaux(2\u00e8me ann\u00e9e)<\/span><\/li>\n<li class=\"course\"><span class=\"original translation\" data-field-name=\"Course.Name\">PPE (Projets Personnalis\u00e9s Encadr\u00e9s) (1\u00e8re et 2\u00e8me ann\u00e9es)<\/span><\/li>\n<li class=\"course\"><span class=\"original translation\" data-field-name=\"Course.Name\">Algorithmes (1\u00e8re ann\u00e9e)<\/span><\/li>\n<li class=\"course\"><span class=\"original translation\" data-field-name=\"Course.Name\">Math\u00e9matiques (1\u00e8re et 2\u00e8me ann\u00e9es)<\/span><\/li>\n<li class=\"course\"><span class=\"original translation\" data-field-name=\"Course.Name\">Fran\u00e7ais (1\u00e8re et 2\u00e8me ann\u00e9es)<\/span><\/li>\n<li class=\"course\"><span class=\"original translation\" data-field-name=\"Course.Name\">Anglais (1\u00e8re et 2\u00e8me ann\u00e9es)<\/span><\/li>\n<li class=\"course\"><span class=\"original translation\" data-field-name=\"Course.Name\">SI1 (Support syst\u00e8me des acc\u00e8s utilisateurs) (1\u00e8re ann\u00e9e)<\/span><\/li>\n<li class=\"course\"><span class=\"original translation\" data-field-name=\"Course.Name\">SI2 (Support r\u00e9seau des acc\u00e8s utilisateurs) (1\u00e8re ann\u00e9e)<\/span><\/li>\n<li class=\"course\"><span class=\"original translation\" data-field-name=\"Course.Name\">SI3 (Exploitation des donn\u00e9es) (1\u00e8re ann\u00e9e)<\/span><\/li>\n<li class=\"course\"><span class=\"original translation\" data-field-name=\"Course.Name\">SI4 (Base de la programmation) (1\u00e8re ann\u00e9e)<\/span><\/li>\n<li class=\"course\"><span class=\"original translation\" data-field-name=\"Course.Name\">SI5 (Support des services et des serveurs) (1\u00e8re ann\u00e9e)<\/span><\/li>\n<li class=\"course\"><span class=\"original translation\" data-field-name=\"Course.Name\">SI6 (D\u00e9veloppement d'applications) (1\u00e8re ann\u00e9e)<\/span><\/li>\n<li class=\"course\"><span class=\"original translation\" data-field-name=\"Course.Name\">SI7 (Int\u00e9gration et adaptation d'un service) (2\u00e8me ann\u00e9e)<\/span><\/li>\n<\/ul>\n<hr \/>\n<p>\u00a0<\/p>\n<\/div>\n<\/div><\/div><\/div><div id=\"pgc-w57ee519a38c28-1-1\"  class=\"panel-grid-cell\" ><div id=\"panel-w57ee519a38c28-1-1-0\" class=\"so-panel widget widget_sow-editor panel-first-child panel-last-child\" data-index=\"4\" ><div\n\t\t\t\n\t\t\tclass=\"so-widget-sow-editor so-widget-sow-editor-base\"\n\t\t\t\n\t\t>\n<div class=\"siteorigin-widget-tinymce textwidget\">\n\t<hr \/>\n<p>LE BTS:\u00a0<\/p>\n<ul>\n<li>Le titulaire du BTS SIO travaille, soit en tant que collaborateur d\u2019une organisation, soit en en tant qu'intervenant d'une soci\u00e9t\u00e9 d\u2019ing\u00e9nierie et de services informatiques, d'un \u00e9diteur de logiciels, d'une soci\u00e9t\u00e9 de conseil en technologies.<\/li>\n<li>Le titulaire du dipl\u00f4me peut aussi occuper des emplois vari\u00e9s et li\u00e9s \u00e0 l\u2019option choisie, tels que : administrateur syst\u00e8mes et r\u00e9seaux, informaticien support et d\u00e9ploiement...<\/li>\n<\/ul>\n<p>\u00a0<\/p>\n<p><b>Mon Option: SISR<\/b> (Solutions d\u2019infrastructure, syst\u00e8mes et r\u00e9seaux ) :<\/p>\n<ul>\n<li>son m\u00e9tier est de mettre en place et de g\u00e9rer des infrastructures r\u00e9seau au sein d\u2019une organisation.<b>\u00a0<\/b><\/li>\n<li>Tableau de comp\u00e9tence format PDF\n\n<!-- G\u00e9n\u00e9ration r\u00e9alis\u00e9e avec Document Gallery. Obtenez votre version ici :http:\/\/wordpress.org\/extend\/plugins\/document-gallery -->\n<div id=\"document-gallery-1\" class=\"document-gallery\" data-shortcode='{\"id\":13,\"include\":\"150\",\"exclude\":\"\",\"columns\":1,\"fancy\":true,\"order\":\"ASC\",\"orderby\":\"post__in\",\"relation\":\"AND\",\"limit\":-1,\"mime_types\":\"application,video,text,audio,image\",\"new_window\":true,\"paginate\":true,\"post_status\":\"any\",\"post_type\":\"attachment\",\"attachment_pg\":false,\"descriptions\":false,\"skip\":0}' data-icon-width='99'>\n<div class='document-icon-row'>\n   <div class=\"document-icon\">\n      <a href=\"https:\/\/julienfaut.fr\/wp-content\/uploads\/2016\/09\/Copie-de-bts_sio_e6_tableau_synthe_cse..pdf\" target=\"_blank\">\n         <img src=\"https:\/\/julienfaut.fr\/wp-content\/plugins\/document-gallery\/assets\/icons\/pdf.png\" title=\"copie-de-bts_sio_e6_tableau_synthe_cse\" alt=\"copie-de-bts_sio_e6_tableau_synthe_cse\" data-ext=\"pdf\"\/>\n         <span class=\"title\">copie-de-bts_sio_e6_tableau_synthe_cse<\/span>\n      <\/a>\n   <\/div>\n\n<\/div>\n<\/div>\n<\/li>\n<\/ul>\n<\/div>\n<\/div><\/div><\/div><\/div><\/div><\/div><\/div><\/div><div id=\"panel-13-0-0-2\" class=\"so-panel widget widget_sow-editor\" data-index=\"2\" ><div\n\t\t\t\n\t\t\tclass=\"so-widget-sow-editor so-widget-sow-editor-base\"\n\t\t\t\n\t\t>\n<div class=\"siteorigin-widget-tinymce textwidget\">\n\t<hr \/>\n<h1 style=\"text-align: center;\">2013-2014<\/h1>\n<hr \/>\n<p>\u00a0<\/p>\n<\/div>\n<\/div><\/div><div id=\"panel-13-0-0-3\" class=\"so-panel widget widget_siteorigin-panels-builder panel-last-child\" data-index=\"3\" ><div id=\"pl-w57ee50e6f1204\"  class=\"panel-layout\" ><div id=\"pg-w57ee50e6f1204-0\"  class=\"panel-grid panel-has-style\" ><div style=\"padding: 100px 0; \" data-overlay=\"true\" class=\"panel-row-style panel-row-style-for-w57ee50e6f1204-0\" ><div id=\"pgc-w57ee50e6f1204-0-0\"  class=\"panel-grid-cell\" ><div id=\"panel-w57ee50e6f1204-0-0-0\" class=\"so-panel widget widget_sow-editor panel-first-child\" data-index=\"0\" ><div\n\t\t\t\n\t\t\tclass=\"so-widget-sow-editor so-widget-sow-editor-base\"\n\t\t\t\n\t\t>\n<div class=\"siteorigin-widget-tinymce textwidget\">\n\t<h4>Baccalaur\u00e9at professionnel Syst\u00e8mes \u00c9lectroniques Num\u00e9riques Lyc\u00e9e Fernand l\u00e9ger Coudekerque-Branche<\/h4>\n<p>\u00a0<\/p>\n<\/div>\n<\/div><\/div><div id=\"panel-w57ee50e6f1204-0-0-1\" class=\"so-panel widget widget_sow-button panel-last-child\" data-index=\"1\" ><div\n\t\t\t\n\t\t\tclass=\"so-widget-sow-button so-widget-sow-button-atom-eaa51a902caf\"\n\t\t\t\n\t\t><div class=\"ow-button-base ow-button-align-center\">\n\t<a href=\"http:\/\/lyceefleger.etab.ac-lille.fr\/?page_id=128\" class=\"ow-icon-placement-left ow-button-hover\" target=\"_blank\" rel=\"noopener noreferrer\" \t\t>\n\t\t<span>\n\t\t\t\n\t\t\tCliquer ici pour acc\u00e9der au site\t\t<\/span>\n\t<\/a>\n<\/div>\n<\/div><\/div><\/div><div id=\"pgc-w57ee50e6f1204-0-1\"  class=\"panel-grid-cell\" ><div id=\"panel-w57ee50e6f1204-0-1-0\" class=\"so-panel widget widget_sow-image panel-first-child panel-last-child\" data-index=\"2\" ><div\n\t\t\t\n\t\t\tclass=\"so-widget-sow-image so-widget-sow-image-default-d6014b76747a\"\n\t\t\t\n\t\t>\n\n<div class=\"sow-image-container\">\n\t\t<img src=\"https:\/\/julienfaut.fr\/wp-content\/uploads\/2016\/09\/images.jpg\" width=\"354\" height=\"142\" srcset=\"https:\/\/julienfaut.fr\/wp-content\/uploads\/2016\/09\/images.jpg 354w, https:\/\/julienfaut.fr\/wp-content\/uploads\/2016\/09\/images-300x120.jpg 300w, https:\/\/julienfaut.fr\/wp-content\/uploads\/2016\/09\/images-230x92.jpg 230w, https:\/\/julienfaut.fr\/wp-content\/uploads\/2016\/09\/images-350x140.jpg 350w\" sizes=\"(max-width: 354px) 100vw, 354px\" alt=\"\" loading=\"lazy\" \t\tclass=\"so-widget-image\"\/>\n\t<\/div>\n\n<\/div><\/div><\/div><\/div><\/div><div id=\"pg-w57ee50e6f1204-1\"  class=\"panel-grid panel-has-style\" ><div style=\"padding: 100px 0; \" data-overlay=\"true\" class=\"panel-row-style panel-row-style-for-w57ee50e6f1204-1\" ><div id=\"pgc-w57ee50e6f1204-1-0\"  class=\"panel-grid-cell\" ><div id=\"panel-w57ee50e6f1204-1-0-0\" class=\"so-panel widget widget_sow-editor panel-first-child panel-last-child\" data-index=\"3\" ><div\n\t\t\t\n\t\t\tclass=\"so-widget-sow-editor so-widget-sow-editor-base\"\n\t\t\t\n\t\t>\n<div class=\"siteorigin-widget-tinymce textwidget\">\n\t<hr \/>\n<h4><strong><span class=\"original translation\" data-field-name=\"Course.Name\">Les Mati\u00e8res<\/span><\/strong><\/h4>\n<ul class=\"courses-list\">\n<li class=\"course\">\n<table id=\"AutoNumber1\" border=\"1\" width=\"97%\" cellspacing=\"0\" cellpadding=\"1\">\n<tbody>\n<tr>\n<td align=\"center\" width=\"20%\">Maths \u2013 sciences physiques<\/td>\n<td align=\"center\" width=\"10%\">3.5h<\/td>\n<td align=\"center\" width=\"10%\">4.5h<\/td>\n<td align=\"center\" width=\"10%\">4.5h<\/td>\n<\/tr>\n<tr>\n<td align=\"center\" width=\"20%\">Fran\u00e7ais histoire g\u00e9ographie ECJS<\/td>\n<td align=\"center\" width=\"10%\">3.5h<\/td>\n<td align=\"center\" width=\"10%\">5.0h<\/td>\n<td align=\"center\" width=\"10%\">5.0h<\/td>\n<\/tr>\n<tr>\n<td align=\"center\" width=\"20%\">Economie gestion<\/td>\n<td align=\"center\" width=\"10%\">1h<\/td>\n<td align=\"center\" width=\"10%\">1h<\/td>\n<td align=\"center\" width=\"10%\">1h<\/td>\n<\/tr>\n<tr>\n<td align=\"center\" width=\"20%\">Education physique et sportive<\/td>\n<td align=\"center\" width=\"10%\">2.0h<\/td>\n<td align=\"center\" width=\"10%\">3.0h<\/td>\n<td align=\"center\" width=\"10%\">3.0h<\/td>\n<\/tr>\n<tr>\n<td align=\"center\" width=\"20%\">Langue vivante<\/td>\n<td align=\"center\" width=\"10%\">2h<\/td>\n<td align=\"center\" width=\"10%\">2h<\/td>\n<td align=\"center\" width=\"10%\">2.5h<\/td>\n<\/tr>\n<tr>\n<td align=\"center\" width=\"20%\">Arts appliqu\u00e9s<\/td>\n<td align=\"center\" width=\"10%\">1.0h<\/td>\n<td align=\"center\" width=\"10%\">1.0h<\/td>\n<td align=\"center\" width=\"10%\">1.0h<\/td>\n<\/tr>\n<tr>\n<td align=\"center\" width=\"20%\">Enseignement Professionnel<\/td>\n<td align=\"center\" width=\"10%\">15.0h<\/td>\n<td align=\"center\" width=\"10%\">13.0h<\/td>\n<td align=\"center\" width=\"10%\">13.0h<\/td>\n<\/tr>\n<tr>\n<td align=\"center\" width=\"20%\">Pr\u00e9vention Sant\u00e9 Environ.<\/td>\n<td align=\"center\" width=\"10%\">1.0h<\/td>\n<td align=\"center\" width=\"10%\">1.0h<\/td>\n<td align=\"center\" width=\"10%\">1.0h<\/td>\n<\/tr>\n<tr>\n<td align=\"center\" width=\"20%\">Soutien Enseig. G\u00e9n\u00e9ral<\/td>\n<td align=\"center\" width=\"10%\">3.0h<\/td>\n<td align=\"center\" width=\"10%\">1.0h<\/td>\n<td align=\"center\" width=\"10%\">1.0h<\/td>\n<\/tr>\n<tr>\n<td align=\"center\" width=\"20%\">Accompagnement Personnalis\u00e9<\/td>\n<td align=\"center\" width=\"10%\">2.5h<\/td>\n<td align=\"center\" width=\"10%\">2.5h<\/td>\n<td align=\"center\" width=\"10%\">2.5h<\/td>\n<\/tr>\n<tr>\n<td align=\"center\" width=\"20%\">Semaines de stage<\/td>\n<td align=\"center\" width=\"10%\">6<\/td>\n<td align=\"center\" width=\"10%\">8<\/td>\n<td align=\"center\" width=\"10%\">8<\/td>\n<\/tr>\n<\/tbody>\n<\/table>\n<\/li>\n<\/ul>\n<hr \/>\n<p>\u00a0<\/p>\n<\/div>\n<\/div><\/div><\/div><div id=\"pgc-w57ee50e6f1204-1-1\"  class=\"panel-grid-cell\" ><div id=\"panel-w57ee50e6f1204-1-1-0\" class=\"so-panel widget widget_sow-editor panel-first-child panel-last-child\" data-index=\"4\" ><div\n\t\t\t\n\t\t\tclass=\"so-widget-sow-editor so-widget-sow-editor-base\"\n\t\t\t\n\t\t>\n<div class=\"siteorigin-widget-tinymce textwidget\">\n\t<hr \/>\n<p>A l\u2019issue de ce bac pro SEN, le dipl\u00f4m\u00e9 poss\u00e8de l\u2019ensemble des comp\u00e9tences professionnelles qui lui permettent d\u2019exercer les activit\u00e9s li\u00e9es \u00e0 la pr\u00e9paration, l\u2019installation, la mise en service et la maintenance de syst\u00e8mes \u00e9lectroniques ou num\u00e9riques.<\/p>\n<ul>\n<li><strong>6 champs professionnels \u00e9tudi\u00e9s\u00a0:<\/strong>\n<ul>\n<li>Alarme, s\u00e9curit\u00e9, incendie (ASI)<\/li>\n<li>Audiovisuel multim\u00e9dia (AVM)<\/li>\n<li>Audiovisuel professionnel (AVP)<\/li>\n<li>\u00a0Electrodomestique (ED)<\/li>\n<li>T\u00e9l\u00e9communications et r\u00e9seaux informatiques (TR)<\/li>\n<li>Electronique industrielle embarqu\u00e9e (EIE)<\/li>\n<\/ul>\n<\/li>\n<li>Exemple d'un compte rendu en PDF<\/li>\n<li>\n\n<!-- G\u00e9n\u00e9ration r\u00e9alis\u00e9e avec Document Gallery. Obtenez votre version ici :http:\/\/wordpress.org\/extend\/plugins\/document-gallery -->\n<div id=\"document-gallery-2\" class=\"document-gallery\" data-shortcode='{\"id\":13,\"include\":\"145\",\"exclude\":\"\",\"columns\":1,\"fancy\":true,\"order\":\"ASC\",\"orderby\":\"post__in\",\"relation\":\"AND\",\"limit\":-1,\"mime_types\":\"application,video,text,audio,image\",\"new_window\":true,\"paginate\":true,\"post_status\":\"any\",\"post_type\":\"attachment\",\"attachment_pg\":false,\"descriptions\":false,\"skip\":0}' data-icon-width='99'>\n<div class='document-icon-row'>\n   <div class=\"document-icon\">\n      <a href=\"https:\/\/julienfaut.fr\/wp-content\/uploads\/2016\/09\/clientB.pdf\" target=\"_blank\">\n         <img src=\"https:\/\/julienfaut.fr\/wp-content\/plugins\/document-gallery\/assets\/icons\/pdf.png\" title=\"clientb\" alt=\"clientb\" data-ext=\"pdf\"\/>\n         <span class=\"title\">clientb<\/span>\n      <\/a>\n   <\/div>\n\n<\/div>\n<\/div>\n<\/li>\n<\/ul>\n<\/div>\n<\/div><\/div><\/div><\/div><\/div><\/div><\/div><\/div><\/div><\/div><div id=\"pg-13-1\"  class=\"panel-grid panel-has-style\" ><div class=\"siteorigin-panels-stretch panel-row-style panel-row-style-for-13-1\" style=\"padding: 75px 0; \" data-stretch-type=\"full\" data-overlay=\"true\" ><div id=\"pgc-13-1-0\"  class=\"panel-grid-cell\" ><div id=\"panel-13-1-0-0\" class=\"so-panel widget widget_sow-social-media-buttons panel-first-child panel-last-child\" data-index=\"4\" ><div\n\t\t\t\n\t\t\tclass=\"so-widget-sow-social-media-buttons so-widget-sow-social-media-buttons-flat-0ccf025f11ad-13\"\n\t\t\t\n\t\t>\n\n<div class=\"social-media-button-container\">\n\t\n\t\t<a class=\"ow-button-hover sow-social-media-button-linkedin-0 sow-social-media-button\" title=\"Julien Faut sur Linkedin\" aria-label=\"Julien Faut sur Linkedin\" target=\"_blank\" rel=\"noopener noreferrer\" href=\"https:\/\/fr.linkedin.com\/in\/julien-faut-33672612a\" >\n\t\t\t<span>\n\t\t\t\t\t\t\t\t<span class=\"sow-icon-fontawesome sow-fab\" data-sow-icon=\"&#xf0e1;\"\n\t\t \n\t\taria-hidden=\"true\"><\/span>\t\t\t\t\t\t\t<\/span>\n\t\t<\/a>\n\t\n\t\t<a class=\"ow-button-hover sow-social-media-button-envelope-0 sow-social-media-button\" title=\"Julien Faut sur Envelope\" aria-label=\"Julien Faut sur Envelope\" target=\"_blank\" rel=\"noopener noreferrer\" href=\"mailto:julienfaut.59122@hotmail.fr\" >\n\t\t\t<span>\n\t\t\t\t\t\t\t\t<span class=\"sow-icon-fontawesome sow-fas\" data-sow-icon=\"&#xf0e0;\"\n\t\t \n\t\taria-hidden=\"true\"><\/span>\t\t\t\t\t\t\t<\/span>\n\t\t<\/a>\n\t<\/div>\n<\/div><\/div><\/div><\/div><\/div><\/div>","protected":false},"excerpt":{"rendered":"<p>2014-2016\u00a0 2013-2014\u00a0<\/p>\n","protected":false},"author":1,"featured_media":0,"parent":0,"menu_order":0,"comment_status":"closed","ping_status":"closed","template":"page-templates\/page_front-page.php","meta":[],"_links":{"self":[{"href":"https:\/\/julienfaut.fr\/index.php?rest_route=\/wp\/v2\/pages\/13"}],"collection":[{"href":"https:\/\/julienfaut.fr\/index.php?rest_route=\/wp\/v2\/pages"}],"about":[{"href":"https:\/\/julienfaut.fr\/index.php?rest_route=\/wp\/v2\/types\/page"}],"author":[{"embeddable":true,"href":"https:\/\/julienfaut.fr\/index.php?rest_route=\/wp\/v2\/users\/1"}],"replies":[{"embeddable":true,"href":"https:\/\/julienfaut.fr\/index.php?rest_route=%2Fwp%2Fv2%2Fcomments&post=13"}],"version-history":[{"count":0,"href":"https:\/\/julienfaut.fr\/index.php?rest_route=\/wp\/v2\/pages\/13\/revisions"}],"wp:attachment":[{"href":"https:\/\/julienfaut.fr\/index.php?rest_route=%2Fwp%2Fv2%2Fmedia&parent=13"}],"curies":[{"name":"wp","href":"https:\/\/api.w.org\/{rel}","templated":true}]}}