{"id":11,"date":"2016-09-16T10:53:32","date_gmt":"2016-09-16T08:53:32","guid":{"rendered":"http:\/\/localhost\/julien\/?page_id=11"},"modified":"2023-01-03T14:32:39","modified_gmt":"2023-01-03T13:32:39","slug":"experience-professionnelle","status":"publish","type":"page","link":"https:\/\/julienfaut.fr\/?page_id=11","title":{"rendered":"Exp\u00e9rience professionnelle"},"content":{"rendered":"<div id=\"pl-11\"  class=\"panel-layout\" ><div id=\"pg-11-0\"  class=\"panel-grid panel-has-style\" ><div class=\"siteorigin-panels-stretch panel-row-style panel-row-style-for-11-0\" style=\"color: #ffffff;padding: 25px 0; \" data-stretch-type=\"full\" data-hascolor=\"hascolor\" data-overlay=\"true\" ><div id=\"pgc-11-0-0\"  class=\"panel-grid-cell\" ><div id=\"panel-11-0-0-0\" class=\"so-panel widget widget_sow-editor panel-first-child panel-last-child\" data-index=\"0\" ><div\n\t\t\t\n\t\t\tclass=\"so-widget-sow-editor so-widget-sow-editor-base\"\n\t\t\t\n\t\t>\n<div class=\"siteorigin-widget-tinymce textwidget\">\n\t<hr \/>\n<h1 style=\"text-align: center;\"><strong><span style=\"text-decoration: underline;\">2016-2020<\/span><\/strong><\/h1>\n<hr \/>\n<p style=\"text-align: center;\">\n<\/div>\n<\/div><\/div><\/div><\/div><\/div><div id=\"pg-11-1\"  class=\"panel-grid panel-has-style\" ><div class=\"siteorigin-panels-stretch panel-row-style panel-row-style-for-11-1\" style=\"color: #ffffff;padding: 25px 0; \" data-stretch-type=\"full\" data-hascolor=\"hascolor\" data-overlay=\"true\" ><div id=\"pgc-11-1-0\"  class=\"panel-grid-cell panel-grid-cell-empty\" ><\/div><div id=\"pgc-11-1-1\"  class=\"panel-grid-cell\" ><div id=\"panel-11-1-1-0\" class=\"so-panel widget widget_sow-editor panel-first-child panel-last-child\" data-index=\"1\" ><div style=\"text-align: left;\" data-title-color=\"#443f3f\" data-headings-color=\"#443f3f\" class=\"panel-widget-style panel-widget-style-for-11-1-1-0\" ><div\n\t\t\t\n\t\t\tclass=\"so-widget-sow-editor so-widget-sow-editor-base\"\n\t\t\t\n\t\t>\n<div class=\"siteorigin-widget-tinymce textwidget\">\n\t<hr \/>\n<p><span style=\"text-decoration: underline;\"><b>ECONOCOM\u00a0<\/b> Technicien support utilisateur<br \/>\n<\/span><\/p>\n<p>Poste bas\u00e9 chez un client finale (Transpole SA )<\/p>\n<hr \/>\n<ul>\n<li><strong><em>Helpdesk<\/em><\/strong>\n<ul>\n<li><\/li>\n<li>Cr\u00e9ation, Gestion des proc\u00e9dures<\/li>\n<li>Traitement des incidents qui se trouvent dans le groupe N2<\/li>\n<li>Formateur sur le support Helpdesk\/Proximit\u00e9<\/li>\n<li>Traitement des demandes<\/li>\n<li>Cr\u00e9ation de compte utilisateur, messagerie, acc\u00e8s wifi<\/li>\n<li>Checklist journali\u00e8re en collaboration avec l'\u00e9quipe exploitation afin de remonter les alertes<\/li>\n<li>Gestion de la base de connaissance<\/li>\n<li>Accueil, enregistrement des appels techniques, fonctionnels et billettiques, R\u00e9alisation de diagnostic, r\u00e9solution en ligne ou dispatching vers le groupe de comp\u00e9tences ad\u00e9quat.<\/li>\n<\/ul>\n<\/li>\n<li>\n<hr \/>\n<\/li>\n<li><strong>Proximit\u00e9<\/strong>\n<ul>\n<li>Intervention sur parc N1\/N2<\/li>\n<li>Gestion des stocks<\/li>\n<li>Masterisation, pr\u00e9paration de poste<\/li>\n<li>R\u00e9paration du mat\u00e9riel<\/li>\n<li>Inventaire du parc<\/li>\n<li>Plan d'obsolescence<\/li>\n<li>MAJ via SCCM<\/li>\n<li>Cr\u00e9ation de package logiciel, gestion des s\u00e9quences de tache SCCM<\/li>\n<li>Gestion du serveur d'impression, antivirus (<em>Trend Micro)<\/em><\/li>\n<li>Formations des contrats pro\/backup<\/li>\n<\/ul>\n<\/li>\n<li>\n<hr \/>\n<\/li>\n<\/ul>\n<\/div>\n<\/div><\/div><\/div><\/div><\/div><\/div><div id=\"pg-11-2\"  class=\"panel-grid panel-has-style\" ><div class=\"siteorigin-panels-stretch panel-row-style panel-row-style-for-11-2\" style=\"color: #ffffff;padding: 25px 0; \" data-stretch-type=\"full\" data-hascolor=\"hascolor\" data-overlay=\"true\" ><div id=\"pgc-11-2-0\"  class=\"panel-grid-cell\" ><div id=\"panel-11-2-0-0\" class=\"so-panel widget widget_sow-editor panel-first-child panel-last-child\" data-index=\"2\" ><div\n\t\t\t\n\t\t\tclass=\"so-widget-sow-editor so-widget-sow-editor-base\"\n\t\t\t\n\t\t>\n<div class=\"siteorigin-widget-tinymce textwidget\">\n\t<hr \/>\n<p style=\"text-align: center;\">\u00a0<\/p>\n<\/div>\n<\/div><\/div><\/div><\/div><\/div><div id=\"pg-11-3\"  class=\"panel-grid panel-has-style\" ><div class=\"siteorigin-panels-stretch panel-row-style panel-row-style-for-11-3\" style=\"color: #ffffff;padding: 25px 0; \" data-stretch-type=\"full\" data-hascolor=\"hascolor\" data-overlay=\"true\" ><div id=\"pgc-11-3-0\"  class=\"panel-grid-cell panel-grid-cell-empty\" ><\/div><div id=\"pgc-11-3-1\"  class=\"panel-grid-cell\" ><div id=\"panel-11-3-1-0\" class=\"so-panel widget widget_sow-editor panel-first-child panel-last-child\" data-index=\"3\" ><div\n\t\t\t\n\t\t\tclass=\"so-widget-sow-editor so-widget-sow-editor-base\"\n\t\t\t\n\t\t>\n<div class=\"siteorigin-widget-tinymce textwidget\">\n\t<p><span style=\"text-decoration: underline;\"><b>HELPLINE\u00a0<\/b>\u00a0Technicien Helpdesk 4 mois <br \/><\/span><\/p>\n<ul>\n<li>Prise d'appelle, traitement de mail\u00a0<\/li>\n<li>R\u00e9solution d'incident N1<\/li>\n<li>traitement des demandes utilisateur par mail,portail web d\u00e9di\u00e9<\/li>\n<li>Le tout dans un secret absolu \ud83d\ude09<\/li>\n<\/ul>\n<\/div>\n<\/div><\/div><\/div><div id=\"pgc-11-3-2\"  class=\"panel-grid-cell\" ><div id=\"panel-11-3-2-0\" class=\"so-panel widget widget_sow-image panel-first-child panel-last-child\" data-index=\"4\" ><div\n\t\t\t\n\t\t\tclass=\"so-widget-sow-image so-widget-sow-image-default-d6014b76747a-11\"\n\t\t\t\n\t\t>\n\n<div class=\"sow-image-container\">\n\t\t\t<a href=\"https:\/\/www.helpline.fr\/\"\n\t\t\t\t\t>\n\t\t\t<img src=\"https:\/\/www.societegenerale.com\/sites\/default\/files\/styles\/logo_header\/public\/logohome\/fr\/logo-top_0.png?itok=oto4yw3W\" title=\"Exp\u00e9rience professionnelle\" alt=\"\" loading=\"lazy\" \t\tclass=\"so-widget-image\"\/>\n\t<\/a><\/div>\n\n<\/div><\/div><\/div><\/div><\/div><div id=\"pg-11-4\"  class=\"panel-grid panel-has-style\" ><div class=\"siteorigin-panels-stretch panel-row-style panel-row-style-for-11-4\" style=\"color: #ffffff;padding: 25px 0; \" data-stretch-type=\"full\" data-hascolor=\"hascolor\" data-overlay=\"true\" ><div id=\"pgc-11-4-0\"  class=\"panel-grid-cell\" ><div id=\"panel-11-4-0-0\" class=\"so-panel widget widget_sow-editor panel-first-child\" data-index=\"5\" ><div\n\t\t\t\n\t\t\tclass=\"so-widget-sow-editor so-widget-sow-editor-base\"\n\t\t\t\n\t\t>\n<div class=\"siteorigin-widget-tinymce textwidget\">\n\t<hr \/>\n<h1 style=\"text-align: center;\"><strong><span style=\"text-decoration: underline;\">2015-2016<\/span>\u00a0<\/strong><\/h1>\n<hr \/>\n<p style=\"text-align: center;\">\u00a0<\/p>\n<\/div>\n<\/div><\/div><div id=\"panel-11-4-0-1\" class=\"so-panel widget widget_sow-image panel-last-child\" data-index=\"6\" ><div\n\t\t\t\n\t\t\tclass=\"so-widget-sow-image so-widget-sow-image-default-d6014b76747a-11\"\n\t\t\t\n\t\t>\n\n<div class=\"sow-image-container\">\n\t\t<img src=\"https:\/\/julienfaut.fr\/wp-content\/uploads\/2016\/09\/C.png\" width=\"2765\" height=\"400\" srcset=\"https:\/\/julienfaut.fr\/wp-content\/uploads\/2016\/09\/C.png 2765w, https:\/\/julienfaut.fr\/wp-content\/uploads\/2016\/09\/C-300x43.png 300w, https:\/\/julienfaut.fr\/wp-content\/uploads\/2016\/09\/C-768x111.png 768w, https:\/\/julienfaut.fr\/wp-content\/uploads\/2016\/09\/C-1024x148.png 1024w, https:\/\/julienfaut.fr\/wp-content\/uploads\/2016\/09\/C-830x120.png 830w, https:\/\/julienfaut.fr\/wp-content\/uploads\/2016\/09\/C-230x33.png 230w, https:\/\/julienfaut.fr\/wp-content\/uploads\/2016\/09\/C-350x51.png 350w, https:\/\/julienfaut.fr\/wp-content\/uploads\/2016\/09\/C-480x69.png 480w\" sizes=\"(max-width: 2765px) 100vw, 2765px\" title=\"c\" alt=\"\" loading=\"lazy\" \t\tclass=\"so-widget-image\"\/>\n\t<\/div>\n\n<\/div><\/div><\/div><\/div><\/div><div id=\"pg-11-5\"  class=\"panel-grid panel-has-style\" ><div class=\"siteorigin-panels-stretch panel-row-style panel-row-style-for-11-5\" style=\"color: #ffffff;padding: 25px 0; \" data-stretch-type=\"full\" data-hascolor=\"hascolor\" data-overlay=\"true\" ><div id=\"pgc-11-5-0\"  class=\"panel-grid-cell panel-grid-cell-empty\" ><\/div><div id=\"pgc-11-5-1\"  class=\"panel-grid-cell panel-grid-cell-mobile-last\" ><div id=\"panel-11-5-1-0\" class=\"so-panel widget widget_sow-editor panel-first-child panel-last-child\" data-index=\"7\" ><div\n\t\t\t\n\t\t\tclass=\"so-widget-sow-editor so-widget-sow-editor-base\"\n\t\t\t\n\t\t>\n<div class=\"siteorigin-widget-tinymce textwidget\">\n\t<p><span style=\"text-decoration: underline;\"><strong>CLB Events<\/strong> Stage de 6 semaines<\/span><\/p>\n<ul>\n<li>Modification de l'infrastructure r\u00e9seau<\/li>\n<li>Mise en place d'un stockage NAS avec open media vault<\/li>\n<li>-&gt; achats du mat\u00e9riel<\/li>\n<li>-&gt; installation et param\u00e9trage<\/li>\n<li>-&gt; mise en place des sauvegardes des postes dans le NAS<\/li>\n<li>Mise en place d'une campagne d'emailing<\/li>\n<li>Mise en place du syst\u00e8me de s\u00e9curit\u00e9\u00a0<\/li>\n<\/ul>\n\n<!-- G\u00e9n\u00e9ration r\u00e9alis\u00e9e avec Document Gallery. Obtenez votre version ici :http:\/\/wordpress.org\/extend\/plugins\/document-gallery -->\n<div id=\"document-gallery-1\" class=\"document-gallery\" data-shortcode='{\"id\":11,\"include\":\"139,140\",\"exclude\":\"\",\"columns\":2,\"fancy\":true,\"order\":\"ASC\",\"orderby\":\"post__in\",\"relation\":\"AND\",\"limit\":-1,\"mime_types\":\"application,video,text,audio,image\",\"new_window\":true,\"paginate\":true,\"post_status\":\"any\",\"post_type\":\"attachment\",\"attachment_pg\":false,\"descriptions\":false,\"skip\":0}' data-icon-width='49'>\n<div class='document-icon-row'>\n   <div class=\"document-icon\">\n      <a href=\"https:\/\/julienfaut.fr\/wp-content\/uploads\/2016\/09\/newsletter.pdf\" target=\"_blank\">\n         <img src=\"https:\/\/julienfaut.fr\/wp-content\/plugins\/document-gallery\/assets\/icons\/pdf.png\" title=\"newsletter\" alt=\"newsletter\" data-ext=\"pdf\"\/>\n         <span class=\"title\">newsletter<\/span>\n      <\/a>\n   <\/div>\n   <div class=\"document-icon\">\n      <a href=\"https:\/\/julienfaut.fr\/wp-content\/uploads\/2016\/09\/openmediavault.pdf\" target=\"_blank\">\n         <img src=\"https:\/\/julienfaut.fr\/wp-content\/plugins\/document-gallery\/assets\/icons\/pdf.png\" title=\"openmediavault\" alt=\"openmediavault\" data-ext=\"pdf\"\/>\n         <span class=\"title\">openmediavault<\/span>\n      <\/a>\n   <\/div>\n\n<\/div>\n<\/div>\n<\/div>\n<\/div><\/div><\/div><div id=\"pgc-11-5-2\"  class=\"panel-grid-cell panel-grid-cell-empty\" ><\/div><\/div><\/div><div id=\"pg-11-6\"  class=\"panel-grid panel-has-style\" ><div class=\"siteorigin-panels-stretch panel-row-style panel-row-style-for-11-6\" style=\"color: #ffffff;padding: 25px 0; \" data-stretch-type=\"full\" data-hascolor=\"hascolor\" data-overlay=\"true\" ><div id=\"pgc-11-6-0\"  class=\"panel-grid-cell\" ><div id=\"panel-11-6-0-0\" class=\"so-panel widget widget_sow-editor panel-first-child panel-last-child\" data-index=\"8\" ><div\n\t\t\t\n\t\t\tclass=\"so-widget-sow-editor so-widget-sow-editor-base\"\n\t\t\t\n\t\t>\n<div class=\"siteorigin-widget-tinymce textwidget\">\n\t<hr \/><h1 style=\"text-align: center;\"><strong><span style=\"text-decoration: underline;\">2014-2015<\/span><\/strong><\/h1><hr \/><p style=\"text-align: center;\">\u00a0<\/p><\/div>\n<\/div><\/div><\/div><\/div><\/div><div id=\"pg-11-7\"  class=\"panel-grid panel-has-style\" ><div class=\"siteorigin-panels-stretch panel-row-style panel-row-style-for-11-7\" style=\"color: #ffffff;padding: 25px 0; \" data-stretch-type=\"full\" data-hascolor=\"hascolor\" data-overlay=\"true\" ><div id=\"pgc-11-7-0\"  class=\"panel-grid-cell panel-grid-cell-mobile-last\" ><div id=\"panel-11-7-0-0\" class=\"so-panel widget widget_sow-image panel-first-child\" data-index=\"9\" ><div\n\t\t\t\n\t\t\tclass=\"so-widget-sow-image so-widget-sow-image-default-d6014b76747a-11\"\n\t\t\t\n\t\t>\n\n<div class=\"sow-image-container\">\n\t\t<img src=\"https:\/\/julienfaut.fr\/wp-content\/uploads\/2016\/09\/Sans-titre-15.jpg\" width=\"557\" height=\"247\" srcset=\"https:\/\/julienfaut.fr\/wp-content\/uploads\/2016\/09\/Sans-titre-15.jpg 557w, https:\/\/julienfaut.fr\/wp-content\/uploads\/2016\/09\/Sans-titre-15-300x133.jpg 300w, https:\/\/julienfaut.fr\/wp-content\/uploads\/2016\/09\/Sans-titre-15-230x102.jpg 230w, https:\/\/julienfaut.fr\/wp-content\/uploads\/2016\/09\/Sans-titre-15-350x155.jpg 350w, https:\/\/julienfaut.fr\/wp-content\/uploads\/2016\/09\/Sans-titre-15-480x213.jpg 480w\" sizes=\"(max-width: 557px) 100vw, 557px\" title=\"sans-titre-15\" alt=\"\" loading=\"lazy\" \t\tclass=\"so-widget-image\"\/>\n\t<\/div>\n\n<\/div><\/div><div id=\"panel-11-7-0-1\" class=\"so-panel widget widget_sow-editor panel-last-child\" data-index=\"10\" ><div\n\t\t\t\n\t\t\tclass=\"so-widget-sow-editor so-widget-sow-editor-base\"\n\t\t\t\n\t\t>\n<div class=\"siteorigin-widget-tinymce textwidget\">\n\t<p><span style=\"text-decoration: underline;\">Lyc\u00e9e Fernand L\u00e9ger Stage de 6 semaines <\/span><\/p><ul><li>comparatif de diff\u00e9rent langage pour r\u00e9alis\u00e9 des scripts pour\u00a0un d\u00e9ploiement de logiciel\u00a0<\/li><\/ul><\/div>\n<\/div><\/div><\/div><div id=\"pgc-11-7-1\"  class=\"panel-grid-cell panel-grid-cell-empty\" ><\/div><\/div><\/div><div id=\"pg-11-8\"  class=\"panel-grid panel-has-style\" ><div class=\"siteorigin-panels-stretch panel-row-style panel-row-style-for-11-8\" style=\"color: #ffffff;padding: 25px 0; \" data-stretch-type=\"full\" data-hascolor=\"hascolor\" data-overlay=\"true\" ><div id=\"pgc-11-8-0\"  class=\"panel-grid-cell\" ><div id=\"panel-11-8-0-0\" class=\"so-panel widget widget_sow-editor panel-first-child\" data-index=\"11\" ><div\n\t\t\t\n\t\t\tclass=\"so-widget-sow-editor so-widget-sow-editor-base\"\n\t\t\t\n\t\t>\n<div class=\"siteorigin-widget-tinymce textwidget\">\n\t<hr \/><h1 style=\"text-align: center;\"><strong><span style=\"text-decoration: underline;\">2013-2014<\/span><\/strong><\/h1><hr \/><p style=\"text-align: center;\">\u00a0<\/p><\/div>\n<\/div><\/div><div id=\"panel-11-8-0-1\" class=\"so-panel widget widget_sow-editor\" data-index=\"12\" ><div\n\t\t\t\n\t\t\tclass=\"so-widget-sow-editor so-widget-sow-editor-base\"\n\t\t\t\n\t\t>\n<div class=\"siteorigin-widget-tinymce textwidget\">\n\t<p><span style=\"text-decoration: underline;\">Lyc\u00e9e Fernand L\u00e9ger Stage de 9 semaines<\/span><\/p><ul><li>R\u00e9alisation d'un projet de TPV (Terminal point de vente) avec la solution laurux\u00a0 pour les bac pro commerce<\/li><li>-&gt; mise en place du serveur choix du mat\u00e9riel, montage, installation mise en r\u00e9seau, test puis mise en place dans l\u2019infrastructure<\/li><li>-&gt; utilisation de l'image X de linux vers windows pour un travail simultan\u00e9( bureau a distance)<\/li><li>-&gt; mise en place d'un serveur samba pour le depots de photo pour cr\u00e9er les fiche produit depuis linux<\/li><li>-&gt; installation d'un \u00a0poste pour utilisation de la caisse<\/li><li>-&gt; formation et explication du fonctionnement aux enseignents,doc utilisateur<\/li><li>R\u00e9paration informatique, d\u00e9pannage, interventions aide aux utilisateurs<\/li><\/ul>\n<!-- G\u00e9n\u00e9ration r\u00e9alis\u00e9e avec Document Gallery. Obtenez votre version ici :http:\/\/wordpress.org\/extend\/plugins\/document-gallery -->\n<div id=\"document-gallery-2\" class=\"document-gallery\" data-shortcode='{\"id\":11,\"include\":\"133\",\"exclude\":\"\",\"columns\":1,\"fancy\":true,\"order\":\"ASC\",\"orderby\":\"post__in\",\"relation\":\"AND\",\"limit\":-1,\"mime_types\":\"application,video,text,audio,image\",\"new_window\":true,\"paginate\":true,\"post_status\":\"any\",\"post_type\":\"attachment\",\"attachment_pg\":false,\"descriptions\":false,\"skip\":0}' data-icon-width='99'>\n<div class='document-icon-row'>\n   <div class=\"document-icon\">\n      <a href=\"https:\/\/julienfaut.fr\/wp-content\/uploads\/2016\/09\/rapport-stage-FAUT.pdf\" target=\"_blank\">\n         <img src=\"https:\/\/julienfaut.fr\/wp-content\/plugins\/document-gallery\/assets\/icons\/pdf.png\" title=\"rapport-stage-faut\" alt=\"rapport-stage-faut\" data-ext=\"pdf\"\/>\n         <span class=\"title\">rapport-stage-faut<\/span>\n      <\/a>\n   <\/div>\n\n<\/div>\n<\/div><p>Pr\u00e9sident de la mini entreprise DCB<\/p>\n<!-- G\u00e9n\u00e9ration r\u00e9alis\u00e9e avec Document Gallery. Obtenez votre version ici :http:\/\/wordpress.org\/extend\/plugins\/document-gallery -->\n<div id=\"document-gallery-3\" class=\"document-gallery\" data-shortcode='{\"id\":11,\"include\":\"135\",\"exclude\":\"\",\"columns\":1,\"fancy\":true,\"order\":\"ASC\",\"orderby\":\"post__in\",\"relation\":\"AND\",\"limit\":-1,\"mime_types\":\"application,video,text,audio,image\",\"new_window\":true,\"paginate\":true,\"post_status\":\"any\",\"post_type\":\"attachment\",\"attachment_pg\":false,\"descriptions\":false,\"skip\":0}' data-icon-width='99'>\n<div class='document-icon-row'>\n   <div class=\"document-icon\">\n      <a href=\"https:\/\/julienfaut.fr\/wp-content\/uploads\/2016\/09\/affiche-DCB.pdf\" target=\"_blank\">\n         <img src=\"https:\/\/julienfaut.fr\/wp-content\/plugins\/document-gallery\/assets\/icons\/pdf.png\" title=\"affiche-dcb\" alt=\"affiche-dcb\" data-ext=\"pdf\"\/>\n         <span class=\"title\">affiche-dcb<\/span>\n      <\/a>\n   <\/div>\n\n<\/div>\n<\/div><p><iframe loading=\"lazy\" src=\"\/\/www.dailymotion.com\/embed\/video\/x1pbvw2\" width=\"480\" height=\"270\" frameborder=\"0\" allowfullscreen=\"allowfullscreen\"><\/iframe><br \/> <a href=\"http:\/\/www.dailymotion.com\/video\/x1pbvw2_dcb_tech\" target=\"_blank\">DCB<\/a> <i>par <a href=\"http:\/\/www.dailymotion.com\/DesignComputerBox\" target=\"_blank\">DesignComputerBox<\/a><\/i><\/p><\/div>\n<\/div><\/div><div id=\"panel-11-8-0-2\" class=\"so-panel widget widget_sow-editor panel-last-child\" data-index=\"13\" ><div\n\t\t\t\n\t\t\tclass=\"so-widget-sow-editor so-widget-sow-editor-base\"\n\t\t\t\n\t\t>\n<div class=\"siteorigin-widget-tinymce textwidget\">\n\t<hr \/><h1 style=\"text-align: center;\"><strong><span style=\"text-decoration: underline;\">2012-2013<\/span><\/strong><\/h1><hr \/><p style=\"text-align: center;\">\u00a0<\/p><\/div>\n<\/div><\/div><\/div><\/div><\/div><div id=\"pg-11-9\"  class=\"panel-grid panel-has-style\" ><div class=\"siteorigin-panels-stretch panel-row-style panel-row-style-for-11-9\" style=\"color: #ffffff;padding: 25px 0; \" data-stretch-type=\"full\" data-hascolor=\"hascolor\" data-overlay=\"true\" ><div id=\"pgc-11-9-0\"  class=\"panel-grid-cell panel-grid-cell-empty\" ><\/div><div id=\"pgc-11-9-1\"  class=\"panel-grid-cell\" ><div id=\"panel-11-9-1-0\" class=\"so-panel widget widget_sow-image panel-first-child\" data-index=\"14\" ><div\n\t\t\t\n\t\t\tclass=\"so-widget-sow-image so-widget-sow-image-default-d6014b76747a-11\"\n\t\t\t\n\t\t>\n\n<div class=\"sow-image-container\">\n\t\t<img src=\"https:\/\/julienfaut.fr\/wp-content\/uploads\/2016\/09\/epld.png\" width=\"750\" height=\"210\" srcset=\"https:\/\/julienfaut.fr\/wp-content\/uploads\/2016\/09\/epld.png 750w, https:\/\/julienfaut.fr\/wp-content\/uploads\/2016\/09\/epld-300x84.png 300w, https:\/\/julienfaut.fr\/wp-content\/uploads\/2016\/09\/epld-230x64.png 230w, https:\/\/julienfaut.fr\/wp-content\/uploads\/2016\/09\/epld-350x98.png 350w, https:\/\/julienfaut.fr\/wp-content\/uploads\/2016\/09\/epld-480x134.png 480w\" sizes=\"(max-width: 750px) 100vw, 750px\" alt=\"\" loading=\"lazy\" \t\tclass=\"so-widget-image\"\/>\n\t<\/div>\n\n<\/div><\/div><div id=\"panel-11-9-1-1\" class=\"so-panel widget widget_sow-editor panel-last-child\" data-index=\"15\" ><div\n\t\t\t\n\t\t\tclass=\"so-widget-sow-editor so-widget-sow-editor-base\"\n\t\t\t\n\t\t>\n<div class=\"siteorigin-widget-tinymce textwidget\">\n\t<p><span style=\"text-decoration: underline;\">polyvalent EPLED Loon Plage Stage de \u00a08 semaines<\/span><\/p><ul><li>Test \u00a0d\u2019alimentation de lampadaire\u00a0<span style=\"line-height: 1.5;\">et r\u00e9paration(carte electronique,changement de composant )<\/span><\/li><li><span style=\"line-height: 1.5;\"> Montage de lampadaire<\/span><\/li><li><span style=\"line-height: 1.5;\"> Mise en carton et exp\u00e9dition de colis<\/span><\/li><\/ul><\/div>\n<\/div><\/div><\/div><\/div><\/div><div id=\"pg-11-10\"  class=\"panel-grid panel-has-style\" ><div class=\"siteorigin-panels-stretch panel-row-style panel-row-style-for-11-10\" style=\"padding: 75px 0; \" data-stretch-type=\"full\" data-overlay=\"true\" ><div id=\"pgc-11-10-0\"  class=\"panel-grid-cell\" ><div id=\"panel-11-10-0-0\" class=\"so-panel widget widget_sow-social-media-buttons panel-first-child panel-last-child\" data-index=\"16\" ><div\n\t\t\t\n\t\t\tclass=\"so-widget-sow-social-media-buttons so-widget-sow-social-media-buttons-flat-0ccf025f11ad-11\"\n\t\t\t\n\t\t>\n\n<div class=\"social-media-button-container\">\n\t\n\t\t<a class=\"ow-button-hover sow-social-media-button-linkedin-0 sow-social-media-button\" title=\"Julien Faut sur Linkedin\" aria-label=\"Julien Faut sur Linkedin\" target=\"_blank\" rel=\"noopener noreferrer\" href=\"https:\/\/fr.linkedin.com\/in\/julien-faut-33672612a\" >\n\t\t\t<span>\n\t\t\t\t\t\t\t\t<span class=\"sow-icon-fontawesome sow-fab\" data-sow-icon=\"&#xf0e1;\"\n\t\t \n\t\taria-hidden=\"true\"><\/span>\t\t\t\t\t\t\t<\/span>\n\t\t<\/a>\n\t\n\t\t<a class=\"ow-button-hover sow-social-media-button-envelope-0 sow-social-media-button\" title=\"Julien Faut sur Envelope\" aria-label=\"Julien Faut sur Envelope\" target=\"_blank\" rel=\"noopener noreferrer\" href=\"mailto:julienfaut.59122@hotmail.fr\" >\n\t\t\t<span>\n\t\t\t\t\t\t\t\t<span class=\"sow-icon-fontawesome sow-fas\" data-sow-icon=\"&#xf0e0;\"\n\t\t \n\t\taria-hidden=\"true\"><\/span>\t\t\t\t\t\t\t<\/span>\n\t\t<\/a>\n\t<\/div>\n<\/div><\/div><\/div><\/div><\/div><\/div>","protected":false},"excerpt":{"rendered":"<p>2016-2020 ECONOCOM\u00a0 Technicien support utilisateur Poste bas\u00e9 chez un client finale (Transpole SA ) Helpdesk Cr\u00e9ation, Gestion des proc\u00e9dures Traitement des incidents [&hellip;]<\/p>\n","protected":false},"author":1,"featured_media":0,"parent":0,"menu_order":0,"comment_status":"closed","ping_status":"closed","template":"page-templates\/page_front-page.php","meta":[],"_links":{"self":[{"href":"https:\/\/julienfaut.fr\/index.php?rest_route=\/wp\/v2\/pages\/11"}],"collection":[{"href":"https:\/\/julienfaut.fr\/index.php?rest_route=\/wp\/v2\/pages"}],"about":[{"href":"https:\/\/julienfaut.fr\/index.php?rest_route=\/wp\/v2\/types\/page"}],"author":[{"embeddable":true,"href":"https:\/\/julienfaut.fr\/index.php?rest_route=\/wp\/v2\/users\/1"}],"replies":[{"embeddable":true,"href":"https:\/\/julienfaut.fr\/index.php?rest_route=%2Fwp%2Fv2%2Fcomments&post=11"}],"version-history":[{"count":58,"href":"https:\/\/julienfaut.fr\/index.php?rest_route=\/wp\/v2\/pages\/11\/revisions"}],"predecessor-version":[{"id":507,"href":"https:\/\/julienfaut.fr\/index.php?rest_route=\/wp\/v2\/pages\/11\/revisions\/507"}],"wp:attachment":[{"href":"https:\/\/julienfaut.fr\/index.php?rest_route=%2Fwp%2Fv2%2Fmedia&parent=11"}],"curies":[{"name":"wp","href":"https:\/\/api.w.org\/{rel}","templated":true}]}}